{"id":46,"date":"2015-06-27T20:27:42","date_gmt":"2015-06-27T20:27:42","guid":{"rendered":"http:\/\/www.fundacjabrataalbertacalgary.org\/?page_id=46"},"modified":"2021-07-28T17:02:59","modified_gmt":"2021-07-28T17:02:59","slug":"rozne","status":"publish","type":"page","link":"http:\/\/bacalgary.ca\/?page_id=46","title":{"rendered":"O wszystkim&#8230;"},"content":{"rendered":"<p><a href=\"http:\/\/bacalgary.ca\/\"><img loading=\"lazy\" decoding=\"async\" class=\"alignright wp-image-764\" src=\"http:\/\/bacalgary.ca\/wp-content\/uploads\/2019\/06\/Dom.jpg\" alt=\"\" width=\"41\" height=\"34\" \/><\/a><\/p>\n<hr \/>\n<p>_______________________________________________________________________<\/p>\n<p><span style=\"color: #0000ff;\"><strong>Warto po\u015bwi\u0119ci\u0107 chwil\u0119 tej historii.<\/strong><\/span><\/p>\n<p>W tym wy\u015bcigu, Abel Mutai rezprezentuj\u0105cy Keni\u0119, by\u0142 zaledwie kilka st\u00f3p od linii ko\u0144cowej, ale w wyniku myl\u0105cych oznacze\u0144 ju\u017c si\u0119 zatrzymywa\u0142 my\u015bl\u0105c, \u017ce uko\u0144czy\u0142 wy\u015bcig. Hiszpa\u0144ski biegacz Ivan Fernandez by\u0142 zaraz za nim i orientuj\u0105c si\u0119 co si\u0119 dzieje, zacz\u0105\u0142 krzycze\u0107 na Kenijczyka by bieg\u0142 dalej. Niestety Kenijczyk nie rozumia\u0142 hiszpa\u0144skiego, wi\u0119c Hiszpan dos\u0142ownie popchn\u0105\u0142 go przez lini\u0119 mety, zapewniaj\u0105c mu zwyci\u0119stwo.<a href=\"http:\/\/bacalgary.ca\/wp-content\/uploads\/2021\/07\/HelpEachOther.png\"><img loading=\"lazy\" decoding=\"async\" class=\"alignright size-medium wp-image-1009\" src=\"http:\/\/bacalgary.ca\/wp-content\/uploads\/2021\/07\/HelpEachOther-193x300.png\" alt=\"\" width=\"193\" height=\"300\" srcset=\"http:\/\/bacalgary.ca\/wp-content\/uploads\/2021\/07\/HelpEachOther-193x300.png 193w, http:\/\/bacalgary.ca\/wp-content\/uploads\/2021\/07\/HelpEachOther.png 258w\" sizes=\"auto, (max-width: 193px) 100vw, 193px\" \/><\/a><br \/>&#8211; Dlaczego to zrobi\u0142e\u015b? &#8211; dziennikarz zapyta\u0142 p\u00f3\u017aniej Ivana.<br \/>&#8211; Moim marzeniem jest spo\u0142ecze\u0144stwo, w kt\u00f3rym wszyscy b\u0119dziemy tak post\u0119powali. &#8211; odpowiedzia\u0142.<br \/>&#8211; Dlaczego jednak pozwoli\u0142e\u015b mu wygra\u0107? &#8211; dziennikarz dopytywa\u0142.<br \/>&#8211; Nie pozwoli\u0142em mu wygra\u0107, on i tak wygrywa\u0142 &#8211; odpowiedzia\u0142 zgodnie z prawd\u0105 Ivan.<br \/>&#8211; Ale przecie\u017c to Ty mog\u0142e\u015b wygra\u0107 &#8211; dziennikarz nie ust\u0119powa\u0142.<br \/>Ivan spojrza\u0142 na niego i odpowiedzia\u0142 pytaniem na pytanie:<br \/>&#8211; Ale jaka by\u0142aby podstawa mojego zwyci\u0119stwa? Jaki by\u0142by honor w tym medalu? Co moja mama by o tym pomy\u015bla\u0142a?<br \/>Warto\u015bci jakie przekazujemy jako ludzie, s\u0105 cz\u0119sto warto\u015bciami, jakie b\u0119d\u0105 nios\u0142y w \u015bwiat nasze dzieci. Co jest dla nas wa\u017cniejsze? Zwyci\u0119stwo? Odznaczenia? S\u0142awa?Pieni\u0105dze? Czy mo\u017ce jednak uczciwo\u015b\u0107 wzgl\u0119dem swoich w\u0142asnych zasad?<br \/><br \/>_______________________________________________________________________<\/p>\n<p><span lang=\"PL\">&#8220;<span style=\"color: #993366;\"><strong>Pewnego dnia osio\u0142 farmera wpad\u0142 do g\u0142\u0119bokiej studni<\/strong>.<\/span> Zwierz\u0119 zawodzi\u0142o przera\u017aliwie przez godziny, podcza<\/span><span class=\"textexposedshow\"><span lang=\"PL\">s gdy farmer zastanawia\u0142 si\u0119 co z nim zrobi\u0107. W ko\u0144cu si\u0119 podda\u0142 i zdecydowa\u0142, \u017ce zwierz\u0119 jest ju\u017c stare, a studnie i tak zamierza\u0142 zasypa\u0107, wi\u0119c nie op\u0142aca mu si\u0119 ratowa\u0107 os\u0142a.<\/span><\/span><span lang=\"PL\"><br \/><span class=\"textexposedshow\">Zaprosi\u0142 swoich s\u0105siad\u00f3w, by mu w tym pomogli. Wszyscy chwycili za \u0142opaty i zacz\u0119li zrzuca\u0107 ziemi\u0119 do studni. Na pocz\u0105tku, kiedy osio\u0142 zorientowa\u0142 si\u0119 co robi\u0105, zawy\u0142 jeszcze przera\u017aliwiej. Po chwili jednak, ku zaskoczeniu wszystkich, uspokoi\u0142 si\u0119.<\/span><br \/><span class=\"textexposedshow\">Kilka \u0142opat p\u00f3\u017aniej, farmer zajrza\u0142 do studni. By\u0142 zdumiony swoim odkryciem. Za ka\u017cdym razem gdy ziemia l\u0105dowa\u0142a na plecach os\u0142a, on robi\u0142 co\u015b nieprawdopodobnego. Zrzuca\u0142 j\u0105 z siebie i stawa\u0142 na niej. W czasie, gdy s\u0105siedzi farmera zrzucali ziemi\u0119, osio\u0142 ci\u0105gle j\u0105 zrzuca\u0142 i wchodzi\u0142 coraz wy\u017cej. Po nied\u0142ugim czasie, ku zaskoczeniu wszystkich, osio\u0142 przekroczy\u0142 kraw\u0119d\u017a studni i z rado\u015bci\u0105 z niej wybieg\u0142.<\/span><br \/><span class=\"textexposedshow\">Mora\u0142: \u017bycie b\u0119dzie zrzuca\u0142o ci na plecy najr\u00f3\u017cniejsze ci\u0119\u017cary i przeciwno\u015bci. Ca\u0142a sztuka wydostania si\u0119 z g\u0142\u0119bokiej studni polega na tym, by nauczy\u0107 si\u0119 je z siebie zrzuca\u0107 i stawa\u0107 na nich. Ka\u017cd\u0105 z napotkanych przeciwno\u015bci, mo\u017cemy widzie\u0107 albo jako przeszkod\u0119 albo jako co\u015b, co przygotowuje nas do kolejnych wyzwa\u0144 i pozwala wchodzi\u0107 coraz wy\u017cej. Je\u015bli si\u0119 nie poddamy, mo\u017cemy dzi\u0119ki temu wydosta\u0107 si\u0119 z najg\u0142\u0119bszych studni.<\/span><br \/><span class=\"textexposedshow\">pami\u0119taj te pi\u0119\u0107 krok\u00f3w do szcz\u0119\u015bcia:<\/span><br \/><span class=\"textexposedshow\">1. Uwolnij swoje serce z nienawi\u015bci &#8211; przebacz.<\/span><br \/><span class=\"textexposedshow\">2. Uwolnij sw\u00f3j umys\u0142 ze zmartwie\u0144 &#8211; wi\u0119kszo\u015b\u0107 si\u0119 nie wydarzy.<\/span><br \/><span class=\"textexposedshow\">3. \u017byj prosto i doceniaj co masz.<\/span><br \/><span class=\"textexposedshow\">4. Dawaj wi\u0119cej.<\/span><br \/><span class=\"textexposedshow\">5. Oczekuj mniej od innych, a wi\u0119cej od siebie.<\/span><br \/><span class=\"textexposedshow\">Teraz masz dwie mo\u017cliwo\u015bci&#8230; u\u015bmiechn\u0105\u0107 si\u0119\u00a0 albo &#8230;. u\u015bmiechn\u0105\u0107 si\u0119 . Wybieraj \ud83d\ude42<\/span><\/span><\/p>\n<p><span lang=\"PL\"><span class=\"textexposedshow\"> <a href=\"http:\/\/bacalgary.ca\/wp-content\/uploads\/2015\/06\/PomagajInnym.png\"><img loading=\"lazy\" decoding=\"async\" class=\"alignright size-full wp-image-256\" src=\"http:\/\/bacalgary.ca\/wp-content\/uploads\/2015\/06\/PomagajInnym.png\" alt=\"\" width=\"284\" height=\"294\" \/><\/a><\/span><\/span><\/p>\n<p>______________________________________________________________________________<\/p>\n<p><strong><span style=\"color: #ff0000;\"><span style=\"color: #000000;\">\u2665<\/span> \u00a0 <\/span><\/strong><strong><span style=\"color: #ff0000;\">Czy z\u0142o is\u00adtnieje? \u00a0<\/span><\/strong><\/p>\n<hr \/>\n<p><strong>Pew\u00adne\u00adgo dnia uni\u00adwer\u00adsy\u00adtec\u00adki pro\u00adfesor pos\u00adta\u00adnowi\u0142 spro\u00adwoko\u00adwa\u0107 swoich uczni\u00f3w.<\/strong> Za\u00adpyta\u0142:<br \/>&#8211; Czy B\u00f3g stworzy\u0142 wszys\u00adtko, co is\u00adtnieje?<br \/>Pe\u00adwien stu\u00addent od\u00adpo\u00adwie\u00addzia\u0142 od\u00adwa\u017cnie:<br \/>&#8211; Tak, stworzy\u0142.<br \/>&#8211; Wszys\u00adtko? &#8211; spy\u00adta\u0142 nau\u00adczy\u00adciel.<br \/>&#8211; Tak, wszys\u00adtko. &#8211; brzmia\u0142a od\u00adpo\u00adwied\u017a stu\u00adden\u00adta.<br \/>&#8211; W ta\u00adkim ra\u00adzie B\u00f3g stworzy\u0142 tak\u017ce z\u0142o, praw\u00adda? Po\u00adniewa\u017c z\u0142o is\u00adtnieje &#8211; po\u00adwie\u00addzia\u0142 nau\u00adczy\u00adciel&#8230;<br \/>Na to stu\u00addent nie zna\u00adlaz\u0142 od\u00adpo\u00adwie\u00addzi i za\u00admilk\u0142. Nau\u00adczy\u00adciel by\u0142 zachwy\u00adcony mo\u017cli\u00adwo\u015bci\u0105 udo\u00adwod\u00adnienia po raz ko\u00adlej\u00adny, \u017ce wiara jest tyl\u00adko mi\u00adtem.<br \/>Nies\u00adpodziewa\u00adnie in\u00adny stu\u00addent zg\u0142osi\u0142 si\u0119 i spy\u00adta\u0142:<br \/>&#8211; Mog\u0119 za\u00adda\u0107 pa\u00adnu py\u00adtanie, pro\u00adfesorze?<br \/>&#8211; Oczy\u00adwi\u015bcie &#8211; brzmia\u0142a od\u00adpo\u00adwied\u017a.<br \/>&#8211; Czy zim\u00adno is\u00adtnieje?<br \/>&#8211; Oczy\u00adwi\u015bcie &#8211; od\u00adpo\u00adwie\u00addzia\u0142 pro\u00adfesor. &#8211; Czy nig\u00addy nie czu\u0142e\u015b zim\u00adna?<br \/>&#8211; W rzeczy\u00adwis\u00adto\u015bci, prosz\u0119 pa\u00adna, zim\u00adno nie is\u00adtnieje. Wed\u0142ug ba\u00adda\u0144 fi\u00adzycznych zim\u00adno jest ca\u0142ko\u00adwitym bra\u00adkiem ciep\u0142a. Przed\u00admiot mo\u017ce by\u0107 ba\u00addany, tyl\u00adko je\u015bli po\u00adsiada i tran\u00adsmi\u00adtuje ener\u00adgi\u0119: to w\u0142a\u015bnie ciep\u0142o jest obiek\u00adtem, kt\u00f3ry tran\u00adsmi\u00adtuje swoj\u0105 ener\u00adgi\u0119. Bez ciep\u0142a przed\u00admioty s\u0105 oboj\u0119tne, niez\u00addolne do reak\u00adcji. Ale zim\u00adno nie is\u00adtnieje. Stworzy\u00adli\u015bmy ter\u00admin &#8220;zim\u00adno&#8221;, by wy\u00adja\u015bni\u0107 ca\u0142ko\u00adwity brak ciep\u0142a. A ciem\u00adno\u015b\u0107?<br \/>&#8211; Is\u00adtnieje &#8211; od\u00adpar\u0142 pro\u00adfesor.<br \/>&#8211; My\u00adli si\u0119 pan po\u00adnow\u00adnie, ciem\u00adno\u015b\u0107 jest ca\u0142ko\u00adwitym bra\u00adkiem \u015bwiat\u0142a. Mo\u017cna ba\u00adda\u0107 \u015bwiat\u0142o i jas\u00adno\u015b\u0107, ale nie ciem\u00adno\u015b\u0107. Pryz\u00admat Nichol\u00adsa po\u00adkazu\u00adje mno\u00adgo\u015b\u0107 r\u00f3\u017cnych ko\u00adlor\u00f3w, na kt\u00f3re mo\u017ce zos\u00adta\u0107 roz\u00adbi\u00adte \u015bwiat\u0142o pod wzgl\u0119dem d\u0142ugo\u015bci fal. Ciem\u00adno\u015b\u0107 jest ter\u00admi\u00adnem, kt\u00f3ry stworzy\u00adli\u015bmy, by wy\u00adja\u015bni\u0107 ca\u0142ko\u00adwity brak \u015bwiat\u0142a.<br \/>Na ko\u00adniec stu\u00addent za\u00adpyta\u0142:<br \/>&#8211; A z\u0142o, pro\u00adfesorze, czy z\u0142o is\u00adtnieje? B\u00f3g nie stworzy\u0142 z\u0142a. Z\u0142o jest nieobec\u00adno\u015bci\u0105 Bo\u00adga w ludzkich ser\u00adcach, jest bra\u00adkiem mi\u0142o\u015bci, cz\u0142owie\u00adcze\u0144stwa i wiary. Mi\u0142o\u015b\u0107 i wiara s\u0105 jak ciep\u0142o i \u015bwiat\u0142o. One is\u00adtniej\u0105. Ich brak pro\u00adwadzi do z\u0142a.<br \/>Tym ra\u00adzem to pro\u00adfesor trwa\u0142 w mil\u00adcze\u00adniu&#8230;<\/p>\n<p>______________________________________________________________________________<\/p>\n<p><a href=\"http:\/\/bacalgary.ca\/\"><img loading=\"lazy\" decoding=\"async\" class=\"alignright size-full wp-image-764\" src=\"http:\/\/bacalgary.ca\/wp-content\/uploads\/2019\/06\/Dom-e1561915672355.jpg\" alt=\"\" width=\"41\" height=\"34\" \/><\/a><\/p>\n\n\n<p> <\/p>\n","protected":false},"excerpt":{"rendered":"<p>_______________________________________________________________________ Warto po\u015bwi\u0119ci\u0107 chwil\u0119 tej historii. W tym wy\u015bcigu, Abel Mutai rezprezentuj\u0105cy Keni\u0119, by\u0142 zaledwie kilka st\u00f3p od linii ko\u0144cowej, ale w wyniku myl\u0105cych oznacze\u0144 ju\u017c si\u0119 zatrzymywa\u0142 my\u015bl\u0105c, \u017ce uko\u0144czy\u0142 wy\u015bcig. Hiszpa\u0144ski biegacz Ivan Fernandez by\u0142 zaraz za nim i orientuj\u0105c si\u0119 co si\u0119 dzieje, zacz\u0105\u0142 krzycze\u0107 na Kenijczyka by bieg\u0142 dalej. Niestety Kenijczyk [&hellip;]<\/p>\n","protected":false},"author":1,"featured_media":0,"parent":0,"menu_order":0,"comment_status":"open","ping_status":"open","template":"","meta":{"footnotes":""},"class_list":["post-46","page","type-page","status-publish","hentry"],"_links":{"self":[{"href":"http:\/\/bacalgary.ca\/index.php?rest_route=\/wp\/v2\/pages\/46","targetHints":{"allow":["GET"]}}],"collection":[{"href":"http:\/\/bacalgary.ca\/index.php?rest_route=\/wp\/v2\/pages"}],"about":[{"href":"http:\/\/bacalgary.ca\/index.php?rest_route=\/wp\/v2\/types\/page"}],"author":[{"embeddable":true,"href":"http:\/\/bacalgary.ca\/index.php?rest_route=\/wp\/v2\/users\/1"}],"replies":[{"embeddable":true,"href":"http:\/\/bacalgary.ca\/index.php?rest_route=%2Fwp%2Fv2%2Fcomments&post=46"}],"version-history":[{"count":21,"href":"http:\/\/bacalgary.ca\/index.php?rest_route=\/wp\/v2\/pages\/46\/revisions"}],"predecessor-version":[{"id":1012,"href":"http:\/\/bacalgary.ca\/index.php?rest_route=\/wp\/v2\/pages\/46\/revisions\/1012"}],"wp:attachment":[{"href":"http:\/\/bacalgary.ca\/index.php?rest_route=%2Fwp%2Fv2%2Fmedia&parent=46"}],"curies":[{"name":"wp","href":"https:\/\/api.w.org\/{rel}","templated":true}]}}