{"id":37,"date":"2015-06-27T20:10:49","date_gmt":"2015-06-27T20:10:49","guid":{"rendered":"http:\/\/www.fundacjabrataalbertacalgary.org\/?page_id=37"},"modified":"2025-02-02T00:01:40","modified_gmt":"2025-02-02T00:01:40","slug":"komu-pomagamy","status":"publish","type":"page","link":"https:\/\/bacalgary.ca\/?page_id=37","title":{"rendered":"Komu pomagamy"},"content":{"rendered":"<p>Na podstawie decyzji Zarz\u0105du\u00a0Fundacji pomagamy nast\u0119puj\u0105cym o\u015brodkom w Polsce:<\/p>\n<ul>\n<li><a href=\"http:\/\/www.bacalgary.ca\/?p=61\">Dom Samotnej Matki w Kiekrzu<\/a><\/li>\n<li><a href=\"http:\/\/www.bacalgary.ca\/?p=269\">Stowarzyszenie Przyjaci\u00f3\u0142 Dzieci Chorych &#8220;Serce&#8221; w \u015awidnicy<\/a><\/li>\n<li><a href=\"http:\/\/www.bacalgary.ca\/?p=284\">Pa\u0144stwowy Dom Ma\u0142ych Dzieci we Wroc\u0142awiu (Stowarzyszenie &#8216;Razem z dzieckiem&#8217;)<\/a><\/li>\n<li><a href=\"http:\/\/www.bacalgary.ca\/?p=54\">Fundacja Edukacyjna im. Siostry Wandy Garczy\u0144skiej w Wa\u0142brzychu<br \/><\/a><\/li>\n<\/ul>\n<p><img loading=\"lazy\" decoding=\"async\" class=\"aligncenter wp-image-7 size-medium\" src=\"http:\/\/bacalgary.ca\/wp-content\/uploads\/2015\/06\/images-4-300x53.jpeg\" alt=\"\" width=\"300\" height=\"53\" srcset=\"https:\/\/bacalgary.ca\/wp-content\/uploads\/2015\/06\/images-4-300x53.jpeg 300w, https:\/\/bacalgary.ca\/wp-content\/uploads\/2015\/06\/images-4.jpeg 368w\" sizes=\"auto, (max-width: 300px) 100vw, 300px\" \/><\/p>\n<p><img loading=\"lazy\" decoding=\"async\" class=\"aligncenter wp-image-378 size-full\" src=\"http:\/\/bacalgary.ca\/wp-content\/uploads\/2015\/10\/AVIII2015.jpg\" alt=\"AVIII2015-Ala\" width=\"907\" height=\"208\" srcset=\"https:\/\/bacalgary.ca\/wp-content\/uploads\/2015\/10\/AVIII2015.jpg 907w, https:\/\/bacalgary.ca\/wp-content\/uploads\/2015\/10\/AVIII2015-300x69.jpg 300w\" sizes=\"auto, (max-width: 907px) 100vw, 907px\" \/><\/p>\n\n\n<p><\/p>\n","protected":false},"excerpt":{"rendered":"<p>Na podstawie decyzji Zarz\u0105du\u00a0Fundacji pomagamy nast\u0119puj\u0105cym o\u015brodkom w Polsce: Dom Samotnej Matki w Kiekrzu Stowarzyszenie Przyjaci\u00f3\u0142 Dzieci Chorych &#8220;Serce&#8221; w \u015awidnicy Pa\u0144stwowy Dom Ma\u0142ych Dzieci we Wroc\u0142awiu (Stowarzyszenie &#8216;Razem z dzieckiem&#8217;) Fundacja Edukacyjna im. Siostry Wandy Garczy\u0144skiej w Wa\u0142brzychu<\/p>\n","protected":false},"author":1,"featured_media":0,"parent":0,"menu_order":0,"comment_status":"open","ping_status":"open","template":"","meta":{"footnotes":""},"class_list":["post-37","page","type-page","status-publish","hentry"],"_links":{"self":[{"href":"https:\/\/bacalgary.ca\/index.php?rest_route=\/wp\/v2\/pages\/37","targetHints":{"allow":["GET"]}}],"collection":[{"href":"https:\/\/bacalgary.ca\/index.php?rest_route=\/wp\/v2\/pages"}],"about":[{"href":"https:\/\/bacalgary.ca\/index.php?rest_route=\/wp\/v2\/types\/page"}],"author":[{"embeddable":true,"href":"https:\/\/bacalgary.ca\/index.php?rest_route=\/wp\/v2\/users\/1"}],"replies":[{"embeddable":true,"href":"https:\/\/bacalgary.ca\/index.php?rest_route=%2Fwp%2Fv2%2Fcomments&post=37"}],"version-history":[{"count":35,"href":"https:\/\/bacalgary.ca\/index.php?rest_route=\/wp\/v2\/pages\/37\/revisions"}],"predecessor-version":[{"id":1165,"href":"https:\/\/bacalgary.ca\/index.php?rest_route=\/wp\/v2\/pages\/37\/revisions\/1165"}],"wp:attachment":[{"href":"https:\/\/bacalgary.ca\/index.php?rest_route=%2Fwp%2Fv2%2Fmedia&parent=37"}],"curies":[{"name":"wp","href":"https:\/\/api.w.org\/{rel}","templated":true}]}}